{"id":124,"date":"2025-04-22T12:20:38","date_gmt":"2025-04-22T12:20:38","guid":{"rendered":"https:\/\/www.abrilreportajesfotograficos.com\/?page_id=124"},"modified":"2025-08-05T09:53:11","modified_gmt":"2025-08-05T09:53:11","slug":"reservar","status":"publish","type":"page","link":"https:\/\/www.abrilreportajesfotograficos.com\/?page_id=124","title":{"rendered":"RESERVAR"},"content":{"rendered":"<div data-colibri-id=\"124-c1\" class=\"style-713 style-local-124-c1 position-relative\">\n  <!---->\n  <div data-colibri-component=\"section\" data-colibri-id=\"124-c2\" id=\"custom\" class=\"h-section h-section-global-spacing d-flex align-items-lg-center align-items-md-center align-items-center style-714 style-local-124-c2 position-relative\">\n    <!---->\n    <!---->\n    <div class=\"h-section-grid-container h-section-boxed-container\">\n      <!---->\n      <div data-colibri-id=\"124-c3\" class=\"h-row-container gutters-row-lg-2 gutters-row-md-2 gutters-row-0 gutters-row-v-lg-2 gutters-row-v-md-2 gutters-row-v-2 style-715 style-local-124-c3 position-relative\">\n        <!---->\n        <div class=\"h-row justify-content-lg-center justify-content-md-center justify-content-center align-items-lg-stretch align-items-md-stretch align-items-stretch gutters-col-lg-2 gutters-col-md-2 gutters-col-0 gutters-col-v-lg-2 gutters-col-v-md-2 gutters-col-v-2\">\n          <!---->\n          <div class=\"h-column h-column-container d-flex h-col-lg-auto h-col-md-auto h-col-auto style-716-outer style-local-124-c4-outer\">\n            <div data-colibri-id=\"124-c4\" class=\"d-flex h-flex-basis h-column__inner h-px-lg-2 h-px-md-2 h-px-2 v-inner-lg-2 v-inner-md-2 v-inner-2 style-716 style-local-124-c4 position-relative\">\n              <!---->\n              <!---->\n              <div class=\"w-100 h-y-container h-column__content h-column__v-align flex-basis-100 align-self-lg-start align-self-md-start align-self-start\">\n                <!---->\n                <div data-colibri-id=\"124-c5\" class=\"style-724 style-local-124-c5 position-relative h-element\">\n                  <!---->\n                <\/div>\n                <div data-colibri-id=\"124-c6\" class=\"style-723 style-local-124-c6 position-relative h-element\">\n                  <!---->\n                <\/div>\n                <div data-colibri-id=\"124-c7\" class=\"h-global-transition-all h-heading style-718 style-local-124-c7 position-relative h-element\">\n                  <!---->\n                  <div class=\"h-heading__outer style-718 style-local-124-c7\">\n                    <!---->\n                    <!---->\n                    <h2 class=\"\">\u00bfQuieres saber m\u00e1s sobre los packs o c\u00f3mo reservar tu sesi\u00f3n?<\/h2>\n                  <\/div>\n                <\/div>\n                <div data-colibri-id=\"124-c8\" class=\"h-text h-text-component style-719 style-local-124-c8 position-relative h-element\">\n                  <!---->\n                  <!---->\n                  <div class=\"\">\n                    <p>Tenemos diferentes opciones seg\u00fan el tipo de sesi\u00f3n que te apetezca hacer: familiar, newborn, embarazo, smash cake&#8230; en estudio o en exterior.<\/p>\n                    <p>Te contaremos todo sobre los precios, qu\u00e9 incluye cada pack, la duraci\u00f3n de las sesiones y c\u00f3mo prepararte para aprovecharla al m\u00e1ximo.\n                      <br>\n                      <br>Puedes contactarnos pinchando el bot\u00f3n, escribiendo a <strong rel=\"noopener\">abrilreportajesfotograficos@gmail.com<\/strong> o al <strong>625 662 068<\/strong> (mensaje o llamada).\n                      <br>Estamos en <strong>Mollet del Vall\u00e8s<\/strong> y realizamos sesiones en toda la provincia de <strong>Barcelona<\/strong> y <strong>Girona<\/strong>.<\/p>\n                  <\/div>\n                <\/div>\n                <div data-colibri-id=\"124-c9\" class=\"style-725 style-local-124-c9 position-relative h-element\">\n                  <!---->\n                <\/div>\n                <div data-colibri-id=\"124-c10\" class=\"h-x-container style-720 style-local-124-c10 position-relative h-element\">\n                  <!---->\n                  <div class=\"h-x-container-inner style-dynamic-124-c10-group style-720-spacing style-local-124-c10-spacing\"><span class=\"h-button__outer style-721-outer style-local-124-c11-outer d-inline-flex h-element\"><a h-use-smooth-scroll=\"true\" href=\"https:\/\/api.whatsapp.com\/send\/?phone=34625662068&amp;text=%C2%A1Hola%21+++%C2%BFTe+gustar%C3%ADa+m%C3%A1s+info+sobre+las+sesiones%2C+los+packs+disponibles+o+c%C3%B3mo+trabajamos%3F++Estoy+aqu%C3%AD+para+ayudarte+a+elegir+la+opci%C3%B3n+perfecta+para+ti+++%C2%A1Cu%C3%A9ntame+qu%C3%A9+tienes+en+mente+y+lo+organizamos%21&amp;type=phone_number&amp;app_absent=0\"  data-colibri-id=\"124-c11\" class=\"d-flex w-100 align-items-center h-button justify-content-lg-center justify-content-md-center justify-content-center style-721 style-local-124-c11 position-relative\"><!----><!----> <span>CONTACTA CON NOSOTROS \u2764\ufe0f<\/span><\/a>\n                    <\/span>\n                  <\/div>\n                <\/div>\n              <\/div>\n            <\/div>\n          <\/div>\n          <div class=\"h-column h-column-container d-flex h-col-lg-auto h-col-md-auto h-col-auto style-717-outer style-local-124-c12-outer\">\n            <div data-colibri-id=\"124-c12\" class=\"d-flex h-flex-basis h-column__inner h-px-lg-2 h-px-md-2 h-px-2 v-inner-lg-2 v-inner-md-2 v-inner-2 style-717 style-local-124-c12 position-relative\">\n              <!---->\n              <!---->\n              <div class=\"w-100 h-y-container h-column__content h-column__v-align flex-basis-100 align-self-lg-start align-self-md-start align-self-start\">\n                <!---->\n                <div data-colibri-id=\"124-c13\" class=\"d-block style-722 style-local-124-c13 position-relative h-element\">\n                  <!---->\n                  <div class=\"h-image__frame-container-outer\">\n                    <div class=\"h-image__frame-container\">\n                      <!---->\n                      <!---->\n                      <img loading=\"lazy\" decoding=\"async\" width=\"1707\" height=\"2560\" src=\"https:\/\/www.abrilreportajesfotograficos.com\/blog\/wp-content\/uploads\/2025\/05\/IMG_4632-scaled.jpg\" class=\"wp-image-521 style-722-image style-local-124-c13-image\" alt=\"\" srcset=\"https:\/\/www.abrilreportajesfotograficos.com\/wp-content\/uploads\/2025\/05\/IMG_4632-scaled.jpg 1707w, https:\/\/www.abrilreportajesfotograficos.com\/wp-content\/uploads\/2025\/05\/IMG_4632-200x300.jpg 200w, https:\/\/www.abrilreportajesfotograficos.com\/wp-content\/uploads\/2025\/05\/IMG_4632-683x1024.jpg 683w, https:\/\/www.abrilreportajesfotograficos.com\/wp-content\/uploads\/2025\/05\/IMG_4632-768x1152.jpg 768w, https:\/\/www.abrilreportajesfotograficos.com\/wp-content\/uploads\/2025\/05\/IMG_4632-1024x1536.jpg 1024w, https:\/\/www.abrilreportajesfotograficos.com\/wp-content\/uploads\/2025\/05\/IMG_4632-1365x2048.jpg 1365w\" sizes=\"auto, (max-width: 1707px) 100vw, 1707px\" \/>\n                      <div class=\"h-image__frame h-hide-lg h-hide-md h-hide-sm style-722-frameImage style-local-124-c13-frameImage\"><\/div>\n                    <\/div>\n                  <\/div>\n                <\/div>\n              <\/div>\n            <\/div>\n          <\/div>\n        <\/div>\n      <\/div>\n    <\/div>\n  <\/div>\n<\/div>","protected":false},"excerpt":{"rendered":"<p>\u00bfQuieres saber m\u00e1s sobre los packs o c\u00f3mo reservar tu sesi\u00f3n? Tenemos diferentes [&hellip;]<\/p>\n","protected":false},"author":1,"featured_media":0,"parent":0,"menu_order":0,"comment_status":"closed","ping_status":"closed","template":"page-templates\/full-width-page.php","meta":{"footnotes":""},"class_list":["post-124","page","type-page","status-publish","hentry"],"_links":{"self":[{"href":"https:\/\/www.abrilreportajesfotograficos.com\/index.php?rest_route=\/wp\/v2\/pages\/124","targetHints":{"allow":["GET"]}}],"collection":[{"href":"https:\/\/www.abrilreportajesfotograficos.com\/index.php?rest_route=\/wp\/v2\/pages"}],"about":[{"href":"https:\/\/www.abrilreportajesfotograficos.com\/index.php?rest_route=\/wp\/v2\/types\/page"}],"author":[{"embeddable":true,"href":"https:\/\/www.abrilreportajesfotograficos.com\/index.php?rest_route=\/wp\/v2\/users\/1"}],"replies":[{"embeddable":true,"href":"https:\/\/www.abrilreportajesfotograficos.com\/index.php?rest_route=%2Fwp%2Fv2%2Fcomments&post=124"}],"version-history":[{"count":6,"href":"https:\/\/www.abrilreportajesfotograficos.com\/index.php?rest_route=\/wp\/v2\/pages\/124\/revisions"}],"predecessor-version":[{"id":783,"href":"https:\/\/www.abrilreportajesfotograficos.com\/index.php?rest_route=\/wp\/v2\/pages\/124\/revisions\/783"}],"wp:attachment":[{"href":"https:\/\/www.abrilreportajesfotograficos.com\/index.php?rest_route=%2Fwp%2Fv2%2Fmedia&parent=124"}],"curies":[{"name":"wp","href":"https:\/\/api.w.org\/{rel}","templated":true}]}}